{"id":5775,"date":"2025-07-30T15:12:05","date_gmt":"2025-07-30T06:12:05","guid":{"rendered":"https:\/\/mirai-vision.jp\/?page_id=5775"},"modified":"2026-01-22T10:46:06","modified_gmt":"2026-01-22T01:46:06","slug":"description","status":"publish","type":"page","link":"https:\/\/mirai-vision.jp\/de\/help\/description","title":{"rendered":"Beschreibung basierend auf dem Gesetz \u00fcber bestimmte Handelstransaktionen"},"content":{"rendered":"<div data-colibri-id=\"5775-c1\" class=\"style-2442 style-local-5775-c1 position-relative\">\n  <!---->\n  <div data-colibri-component=\"section\" data-colibri-id=\"5775-c2\" id=\"reusable-sections-3\" class=\"h-section h-section-global-spacing d-flex align-items-lg-center align-items-md-center align-items-center style-2447 style-local-5775-c2 position-relative\">\n    <!---->\n    <!---->\n    <div class=\"h-section-grid-container h-section-boxed-container\">\n      <!---->\n      <div data-colibri-id=\"5775-c3\" class=\"h-row-container gutters-row-lg-2 gutters-row-md-2 gutters-row-0 gutters-row-v-lg-2 gutters-row-v-md-2 gutters-row-v-2 style-2448 style-local-5775-c3 position-relative\">\n        <!---->\n        <div class=\"h-row justify-content-lg-center justify-content-md-center justify-content-center align-items-lg-stretch align-items-md-stretch align-items-stretch gutters-col-lg-2 gutters-col-md-2 gutters-col-0 gutters-col-v-lg-2 gutters-col-v-md-2 gutters-col-v-2\">\n          <!---->\n          <div class=\"h-column h-column-container d-flex h-col-lg-auto h-col-md-auto h-col-auto style-2449-outer style-local-5775-c4-outer\">\n            <div data-colibri-id=\"5775-c4\" class=\"d-flex h-flex-basis h-column__inner h-px-lg-2 h-px-md-2 h-px-2 v-inner-lg-2 v-inner-md-2 v-inner-2 style-2449 style-local-5775-c4 position-relative\">\n              <!---->\n              <!---->\n              <div class=\"w-100 h-y-container h-column__content h-column__v-align flex-basis-100 align-self-lg-start align-self-md-start align-self-start\">\n                <!---->\n                <div data-colibri-id=\"5775-c5\" class=\"h-global-transition-all h-heading style-2450 style-local-5775-c5 position-relative h-element\">\n                  <!---->\n                  <div class=\"h-heading__outer style-2450 style-local-5775-c5\">\n                    <!---->\n                    <!---->\n                    <h4 class=\"\"><span style=\"font-size: 100%; color: rgb(0, 0, 0);\">[Beschreibung basierend auf dem Gesetz \u00fcber bestimmte Handelstransaktionen]<\/span><\/h4>\n                  <\/div>\n                <\/div>\n              <\/div>\n            <\/div>\n          <\/div>\n        <\/div>\n      <\/div>\n      <div data-colibri-id=\"5775-c6\" class=\"h-row-container gutters-row-lg-2 gutters-row-md-2 gutters-row-0 gutters-row-v-lg-2 gutters-row-v-md-2 gutters-row-v-2 style-2451 style-local-5775-c6 position-relative\">\n        <!---->\n        <div class=\"h-row justify-content-lg-center justify-content-md-center justify-content-center align-items-lg-stretch align-items-md-stretch align-items-stretch gutters-col-lg-2 gutters-col-md-2 gutters-col-0 gutters-col-v-lg-2 gutters-col-v-md-2 gutters-col-v-2\">\n          <!---->\n          <div class=\"h-column h-column-container d-flex h-col-lg-auto h-col-md-auto h-col-auto style-2452-outer style-local-5775-c7-outer\">\n            <div data-colibri-id=\"5775-c7\" class=\"d-flex h-flex-basis h-column__inner h-px-lg-2 h-px-md-2 h-px-2 v-inner-lg-2 v-inner-md-2 v-inner-2 style-2452 style-local-5775-c7 position-relative\">\n              <!---->\n              <!---->\n              <div class=\"w-100 h-y-container h-column__content h-column__v-align flex-basis-100 align-self-lg-start align-self-md-start align-self-start\">\n                <!---->\n                <div data-colibri-id=\"5775-c8\" class=\"h-text h-text-component style-2453 style-local-5775-c8 position-relative h-element\">\n                  <!---->\n                  <!---->\n                  <div class=\"\">\n                    <p>\u00b7<span style=\"font-size: 94%; color: rgb(68, 68, 68); font-weight: 600;\">Vertriebsgesellschaft<br><\/span><span style=\"font-size: 94%; color: rgb(68, 68, 68);\">MIRAI VISION Co., Ltd. <br>Chief Operating Officer\uff1a<\/span>Hua Lei<span style=\"font-size: 94%; color: rgb(68, 68, 68);\"> <br>Standort: Motoasakusa 3-20-1, Bezirk Taito, Tokio <br>Telefonnummer: 03-4265-0116 <\/span>\n                      <span\n                        style=\"font-size: 94%;\">\n                        <br>Verkaufs-URL<\/span><span style=\"font-size: 15.04px; font-family: &quot;Open Sans&quot;; font-weight: 400; color: rgb(68, 68, 68);\">\uff1a<\/span><span style=\"font-size: 94%; font-weight: 600;\">https:\/\/mirai-vision.jp\/<br><br><\/span>\u00b7<span style=\"color: rgb(68, 68, 68);\">Zahlungsart<\/span>\n                        <span\n                          style=\"font-size: 94%;\">\n                          <br>Kreditkartenzahlung, Zahlung per Nachnahme<\/span>\n                          <br>\n                    <\/p>\n                    <p>\u00b7<span style=\"font-size: 94%; font-weight: 600; color: rgb(68, 68, 68);\">Erforderlicher Betrag au\u00dfer Produktpreis<\/span><span style=\"font-size: 94%;\"><br>Bei Zahlung per Nachnahme f\u00e4llt eine Nachnahmegeb\u00fchr an<br>Nachnahmegeb\u00fchr: 250 Yen<br>Versand: Kostenloser Versand, wenn der Kaufbetrag 5.000 Yen (inkl. MwSt.) oder mehr betr\u00e4gt, 360 Yen (inkl. MwSt.), wenn der Kaufbetrag weniger als 5.000 Yen (inkl. MwSt.) betr\u00e4gt.<\/span>\n                      <br>\n                    <\/p>\n                    <p>\u00b7Produktlieferfrist<span style=\"font-size: 94%; color: rgb(68, 68, 68);\"><br>Bei Lieferung per Nachnahme erfolgt der Versand des Artikels, wenn kein Datum angegeben ist, innerhalb von 3 Werktagen nach Auftragsbest\u00e4tigung.<br>Wenn bei anderen Zahlungsarten kein Datum angegeben ist, erfolgt der Versand der Bestellung innerhalb von 2 Werktagen nach der Bestellung.<\/span>\n                      <br>\n                    <\/p>\n                    <p>\u00b7<span style=\"font-size: 94%; color: rgb(68, 68, 68);\">Art der Produktlieferung<\/span><span style=\"font-size: 94%; color: rgb(68, 68, 68); font-weight: 600;\"><br><\/span><span style=\"font-size: 94%; color: rgb(68, 68, 68); font-weight: 400;\">Lieferung per Spedition nach Absprache mit uns<\/span>\n                      <span\n                        style=\"font-size: 94%; color: rgb(68, 68, 68); font-weight: 600;\">\n                        <br>\n                        <br>\n                        <\/span>\u00b7<span style=\"font-weight: 600; font-size: 94%; color: rgb(68, 68, 68);\">Bez\u00fcglich R\u00fccksendungen und fehlerhafter Produkte<\/span><span style=\"font-size: 94%; color: rgb(68, 68, 68);\"><br>Wenn das Produkt defekt ist oder unser Produkt falsch ist, tragen wir die Kosten.<br>Sollte es zu einem Unfall wie z.B. einem Transportschaden kommen, nehmen Sie bitte Kontakt mit uns auf.<br>Wir senden Ihnen auf unsere Kosten, inklusive Versand- und Bearbeitungskosten, so schnell wie m\u00f6glich ein neues Produkt zu.<br><br>[Zur R\u00fcckgabe berechtigt]<br>Im Falle \u201emangelhaftes Produkt\/Fehler unseres Produktes\u201c<br>[R\u00fcckgabefrist]<br>Eine R\u00fcckerstattung ist m\u00f6glich, wenn Sie uns innerhalb von 7 Tagen nach dem Kauf kontaktieren.<br>[Wie man zur\u00fcckkommt]<br>Bitte beantragen Sie eine R\u00fcckerstattung per E-Mail.<br>Wir \u00fcberweisen den Kaufpreis innerhalb von 7 Tagen auf Ihr angegebenes Konto.<\/span>\n                        <br>\n                    <\/p>\n                    <p>\u00b7<span style=\"font-weight: 600; font-size: 94%; color: rgb(68, 68, 68);\">Hinweise zu Ausdr\u00fccken und Produkten<\/span><span style=\"font-size: 94%; color: rgb(68, 68, 68);\"><br>Es gibt individuelle Unterschiede in der Auspr\u00e4gung und Reproduzierbarkeit, die in diesem Produkt gezeigt werden, und wir garantieren nicht unbedingt Vorteile oder Wirkungen.<\/span><\/p>\n                  <\/div>\n                <\/div>\n              <\/div>\n            <\/div>\n          <\/div>\n        <\/div>\n      <\/div>\n    <\/div>\n  <\/div>\n<\/div>","protected":false},"excerpt":{"rendered":"<p>\u3010\u7279\u5b9a\u5546\u53d6\u5f15\u6cd5\u306b\u57fa\u3065\u304f\u8868\u8a18\u3011 \u00b7\u8ca9\u58f2\u4e8b\u696d\u8005\u682a\u5f0f\u4f1a\u793eMIRAI VISION \u904b\u55b6\u7d71\u62ec\u8cac\u4efb\u8005\uff1a\u82b1\u857e \u6240\u5728\u5730\uff1a\u6771\u4eac [&hellip;]<\/p>","protected":false},"author":1,"featured_media":0,"parent":2209,"menu_order":0,"comment_status":"closed","ping_status":"closed","template":"page-templates\/full-width-page.php","meta":{"footnotes":""},"class_list":["post-5775","page","type-page","status-publish","hentry"],"_links":{"self":[{"href":"https:\/\/mirai-vision.jp\/de\/wp-json\/wp\/v2\/pages\/5775","targetHints":{"allow":["GET"]}}],"collection":[{"href":"https:\/\/mirai-vision.jp\/de\/wp-json\/wp\/v2\/pages"}],"about":[{"href":"https:\/\/mirai-vision.jp\/de\/wp-json\/wp\/v2\/types\/page"}],"author":[{"embeddable":true,"href":"https:\/\/mirai-vision.jp\/de\/wp-json\/wp\/v2\/users\/1"}],"replies":[{"embeddable":true,"href":"https:\/\/mirai-vision.jp\/de\/wp-json\/wp\/v2\/comments?post=5775"}],"version-history":[{"count":0,"href":"https:\/\/mirai-vision.jp\/de\/wp-json\/wp\/v2\/pages\/5775\/revisions"}],"up":[{"embeddable":true,"href":"https:\/\/mirai-vision.jp\/de\/wp-json\/wp\/v2\/pages\/2209"}],"wp:attachment":[{"href":"https:\/\/mirai-vision.jp\/de\/wp-json\/wp\/v2\/media?parent=5775"}],"curies":[{"name":"wp","href":"https:\/\/api.w.org\/{rel}","templated":true}]}}