{"id":5775,"date":"2025-07-30T15:12:05","date_gmt":"2025-07-30T06:12:05","guid":{"rendered":"https:\/\/mirai-vision.jp\/?page_id=5775"},"modified":"2026-01-22T10:46:06","modified_gmt":"2026-01-22T01:46:06","slug":"description","status":"publish","type":"page","link":"https:\/\/mirai-vision.jp\/vi\/help\/description","title":{"rendered":"M\u00f4 t\u1ea3 d\u1ef1a tr\u00ean Lu\u1eadt giao d\u1ecbch th\u01b0\u01a1ng m\u1ea1i c\u1ee5 th\u1ec3"},"content":{"rendered":"<div data-colibri-id=\"5775-c1\" class=\"style-2442 style-local-5775-c1 position-relative\">\n  <!---->\n  <div data-colibri-component=\"section\" data-colibri-id=\"5775-c2\" id=\"reusable-sections-3\" class=\"h-section h-section-global-spacing d-flex align-items-lg-center align-items-md-center align-items-center style-2447 style-local-5775-c2 position-relative\">\n    <!---->\n    <!---->\n    <div class=\"h-section-grid-container h-section-boxed-container\">\n      <!---->\n      <div data-colibri-id=\"5775-c3\" class=\"h-row-container gutters-row-lg-2 gutters-row-md-2 gutters-row-0 gutters-row-v-lg-2 gutters-row-v-md-2 gutters-row-v-2 style-2448 style-local-5775-c3 position-relative\">\n        <!---->\n        <div class=\"h-row justify-content-lg-center justify-content-md-center justify-content-center align-items-lg-stretch align-items-md-stretch align-items-stretch gutters-col-lg-2 gutters-col-md-2 gutters-col-0 gutters-col-v-lg-2 gutters-col-v-md-2 gutters-col-v-2\">\n          <!---->\n          <div class=\"h-column h-column-container d-flex h-col-lg-auto h-col-md-auto h-col-auto style-2449-outer style-local-5775-c4-outer\">\n            <div data-colibri-id=\"5775-c4\" class=\"d-flex h-flex-basis h-column__inner h-px-lg-2 h-px-md-2 h-px-2 v-inner-lg-2 v-inner-md-2 v-inner-2 style-2449 style-local-5775-c4 position-relative\">\n              <!---->\n              <!---->\n              <div class=\"w-100 h-y-container h-column__content h-column__v-align flex-basis-100 align-self-lg-start align-self-md-start align-self-start\">\n                <!---->\n                <div data-colibri-id=\"5775-c5\" class=\"h-global-transition-all h-heading style-2450 style-local-5775-c5 position-relative h-element\">\n                  <!---->\n                  <div class=\"h-heading__outer style-2450 style-local-5775-c5\">\n                    <!---->\n                    <!---->\n                    <h4 class=\"\"><span style=\"font-size: 100%; color: rgb(0, 0, 0);\">[M\u00f4 t\u1ea3 d\u1ef1a tr\u00ean Lu\u1eadt giao d\u1ecbch th\u01b0\u01a1ng m\u1ea1i c\u1ee5 th\u1ec3]<\/span><\/h4>\n                  <\/div>\n                <\/div>\n              <\/div>\n            <\/div>\n          <\/div>\n        <\/div>\n      <\/div>\n      <div data-colibri-id=\"5775-c6\" class=\"h-row-container gutters-row-lg-2 gutters-row-md-2 gutters-row-0 gutters-row-v-lg-2 gutters-row-v-md-2 gutters-row-v-2 style-2451 style-local-5775-c6 position-relative\">\n        <!---->\n        <div class=\"h-row justify-content-lg-center justify-content-md-center justify-content-center align-items-lg-stretch align-items-md-stretch align-items-stretch gutters-col-lg-2 gutters-col-md-2 gutters-col-0 gutters-col-v-lg-2 gutters-col-v-md-2 gutters-col-v-2\">\n          <!---->\n          <div class=\"h-column h-column-container d-flex h-col-lg-auto h-col-md-auto h-col-auto style-2452-outer style-local-5775-c7-outer\">\n            <div data-colibri-id=\"5775-c7\" class=\"d-flex h-flex-basis h-column__inner h-px-lg-2 h-px-md-2 h-px-2 v-inner-lg-2 v-inner-md-2 v-inner-2 style-2452 style-local-5775-c7 position-relative\">\n              <!---->\n              <!---->\n              <div class=\"w-100 h-y-container h-column__content h-column__v-align flex-basis-100 align-self-lg-start align-self-md-start align-self-start\">\n                <!---->\n                <div data-colibri-id=\"5775-c8\" class=\"h-text h-text-component style-2453 style-local-5775-c8 position-relative h-element\">\n                  <!---->\n                  <!---->\n                  <div class=\"\">\n                    <p>\u00b7<span style=\"font-size: 94%; color: rgb(68, 68, 68); font-weight: 600;\">C\u00f4ng ty b\u00e1n h\u00e0ng<br><\/span><span style=\"font-size: 94%; color: rgb(68, 68, 68);\">C\u00f4ng ty TNHH MIRAI VISION <br>Gi\u00e1m \u0111\u1ed1c v\u1eadn h\u00e0nh\uff1a<\/span>Hua Lei<span style=\"font-size: 94%; color: rgb(68, 68, 68);\"> <br>\u0110\u1ecba ch\u1ec9: 3-20-1 Motoasakusa, qu\u1eadn Taito, Tokyo <br>S\u1ed1 \u0111i\u1ec7n tho\u1ea1i: 03-4265-0116 <\/span>\n                      <span\n                        style=\"font-size: 94%;\">\n                        <br>URL b\u00e1n h\u00e0ng<\/span><span style=\"font-size: 15.04px; font-family: &quot;Open Sans&quot;; font-weight: 400; color: rgb(68, 68, 68);\">\uff1a<\/span><span style=\"font-size: 94%; font-weight: 600;\">https:\/\/mirai-vision.jp\/<br><br><\/span>\u00b7<span style=\"color: rgb(68, 68, 68);\">Ph\u01b0\u01a1ng th\u1ee9c thanh to\u00e1n<\/span>\n                        <span\n                          style=\"font-size: 94%;\">\n                          <br>Thanh to\u00e1n b\u1eb1ng th\u1ebb t\u00edn d\u1ee5ng, thanh to\u00e1n ti\u1ec1n m\u1eb7t khi giao h\u00e0ng<\/span>\n                          <br>\n                    <\/p>\n                    <p>\u00b7<span style=\"font-size: 94%; font-weight: 600; color: rgb(68, 68, 68);\">S\u1ed1 ti\u1ec1n y\u00eau c\u1ea7u ngo\u00e0i gi\u00e1 s\u1ea3n ph\u1ea9m<\/span><span style=\"font-size: 94%;\"><br>Tr\u01b0\u1eddng h\u1ee3p thanh to\u00e1n ti\u1ec1n m\u1eb7t khi giao h\u00e0ng, ph\u00ed giao h\u00e0ng thu ti\u1ec1n m\u1eb7t<br>Ph\u00ed giao h\u00e0ng thu ti\u1ec1n m\u1eb7t: 250 Y\u00ean<br>V\u1eadn chuy\u1ec3n: Mi\u1ec5n ph\u00ed v\u1eadn chuy\u1ec3n n\u1ebfu s\u1ed1 ti\u1ec1n mua t\u1eeb 5.000 y\u00ean (\u0111\u00e3 bao g\u1ed3m thu\u1ebf) tr\u1edf l\u00ean, 360 y\u00ean (\u0111\u00e3 bao g\u1ed3m thu\u1ebf) n\u1ebfu s\u1ed1 ti\u1ec1n mua d\u01b0\u1edbi 5.000 y\u00ean (\u0111\u00e3 bao g\u1ed3m thu\u1ebf)<\/span>\n                      <br>\n                    <\/p>\n                    <p>\u00b7Th\u1eddi gian giao s\u1ea3n ph\u1ea9m<span style=\"font-size: 94%; color: rgb(68, 68, 68);\"><br>Trong tr\u01b0\u1eddng h\u1ee3p thanh to\u00e1n b\u1eb1ng ti\u1ec1n m\u1eb7t khi giao h\u00e0ng, n\u1ebfu kh\u00f4ng c\u00f3 ng\u00e0y c\u1ee5 th\u1ec3, m\u1eb7t h\u00e0ng s\u1ebd \u0111\u01b0\u1ee3c chuy\u1ec3n trong v\u00f2ng 3 ng\u00e0y l\u00e0m vi\u1ec7c sau khi x\u00e1c nh\u1eadn \u0111\u01a1n h\u00e0ng.<br>\u0110\u1ed1i v\u1edbi c\u00e1c ph\u01b0\u01a1ng th\u1ee9c thanh to\u00e1n kh\u00e1c, n\u1ebfu kh\u00f4ng c\u00f3 ng\u00e0y c\u1ee5 th\u1ec3, \u0111\u01a1n h\u00e0ng s\u1ebd \u0111\u01b0\u1ee3c giao trong v\u00f2ng 2 ng\u00e0y l\u00e0m vi\u1ec7c sau khi \u0111\u1eb7t h\u00e0ng.<\/span>\n                      <br>\n                    <\/p>\n                    <p>\u00b7<span style=\"font-size: 94%; color: rgb(68, 68, 68);\">Ph\u01b0\u01a1ng th\u1ee9c giao s\u1ea3n ph\u1ea9m<\/span><span style=\"font-size: 94%; color: rgb(68, 68, 68); font-weight: 600;\"><br><\/span><span style=\"font-size: 94%; color: rgb(68, 68, 68); font-weight: 400;\">Giao h\u00e0ng b\u1edfi c\u00f4ng ty v\u1eadn t\u1ea3i sau khi ch\u00fang t\u00f4i s\u1eafp x\u1ebfp<\/span>\n                      <span\n                        style=\"font-size: 94%; color: rgb(68, 68, 68); font-weight: 600;\">\n                        <br>\n                        <br>\n                        <\/span>\u00b7<span style=\"font-weight: 600; font-size: 94%; color: rgb(68, 68, 68);\">V\u1ec1 vi\u1ec7c tr\u1ea3 l\u1ea1i v\u00e0 s\u1ea3n ph\u1ea9m b\u1ecb l\u1ed7i<\/span><span style=\"font-size: 94%; color: rgb(68, 68, 68);\"><br>N\u1ebfu s\u1ea3n ph\u1ea9m b\u1ecb l\u1ed7i ho\u1eb7c s\u1ea3n ph\u1ea9m c\u1ee7a ch\u00fang t\u00f4i kh\u00f4ng ch\u00ednh x\u00e1c, ch\u00fang t\u00f4i s\u1ebd ch\u1ecbu chi ph\u00ed.<br>N\u1ebfu c\u00f3 tai n\u1ea1n nh\u01b0 h\u01b0 h\u1ecfng trong qu\u00e1 tr\u00ecnh v\u1eadn chuy\u1ec3n, vui l\u00f2ng li\u00ean h\u1ec7 v\u1edbi ch\u00fang t\u00f4i.<br>Ch\u00fang t\u00f4i s\u1ebd g\u1eedi cho b\u1ea1n m\u1ed9t s\u1ea3n ph\u1ea9m m\u1edbi c\u00e0ng s\u1edbm c\u00e0ng t\u1ed1t v\u1edbi chi ph\u00ed c\u1ee7a ch\u00fang t\u00f4i, bao g\u1ed3m c\u1ea3 ph\u00ed v\u1eadn chuy\u1ec3n v\u00e0 x\u1eed l\u00fd.<br><br>[C\u00f3 \u0111\u1ee7 \u0111i\u1ec1u ki\u1ec7n \u0111\u1ec3 tr\u1ea3 l\u1ea1i]<br>Trong tr\u01b0\u1eddng h\u1ee3p \u201cs\u1ea3n ph\u1ea9m b\u1ecb l\u1ed7i\/nh\u1ea7m s\u1ea3n ph\u1ea9m c\u1ee7a ch\u00fang t\u00f4i\u201d<br>[Th\u1eddi gian ho\u00e0n tr\u1ea3]<br>C\u00f3 th\u1ec3 ho\u00e0n l\u1ea1i ti\u1ec1n n\u1ebfu b\u1ea1n li\u00ean h\u1ec7 v\u1edbi ch\u00fang t\u00f4i trong v\u00f2ng 7 ng\u00e0y k\u1ec3 t\u1eeb ng\u00e0y mua.<br>[L\u00e0m th\u1ebf n\u00e0o \u0111\u1ec3 tr\u1edf l\u1ea1i]<br>Vui l\u00f2ng y\u00eau c\u1ea7u ho\u00e0n l\u1ea1i ti\u1ec1n qua email.<br>Ch\u00fang t\u00f4i s\u1ebd chuy\u1ec3n gi\u00e1 mua v\u00e0o t\u00e0i kho\u1ea3n \u0111\u01b0\u1ee3c ch\u1ec9 \u0111\u1ecbnh c\u1ee7a b\u1ea1n trong v\u00f2ng 7 ng\u00e0y.<\/span>\n                        <br>\n                    <\/p>\n                    <p>\u00b7<span style=\"font-weight: 600; font-size: 94%; color: rgb(68, 68, 68);\">L\u01b0u \u00fd v\u1ec1 c\u00e1ch th\u1ec3 hi\u1ec7n v\u00e0 s\u1ea3n ph\u1ea9m<\/span><span style=\"font-size: 94%; color: rgb(68, 68, 68);\"><br>C\u00f3 nh\u1eefng kh\u00e1c bi\u1ec7t ri\u00eang bi\u1ec7t trong c\u00e1ch th\u1ec3 hi\u1ec7n v\u00e0 kh\u1ea3 n\u0103ng t\u00e1i t\u1ea1o trong s\u1ea3n ph\u1ea9m n\u00e0y v\u00e0 ch\u00fang t\u00f4i kh\u00f4ng nh\u1ea5t thi\u1ebft ph\u1ea3i \u0111\u1ea3m b\u1ea3o l\u1ee3i \u00edch ho\u1eb7c t\u00e1c d\u1ee5ng.<\/span><\/p>\n                  <\/div>\n                <\/div>\n              <\/div>\n            <\/div>\n          <\/div>\n        <\/div>\n      <\/div>\n    <\/div>\n  <\/div>\n<\/div>","protected":false},"excerpt":{"rendered":"<p>\u3010\u7279\u5b9a\u5546\u53d6\u5f15\u6cd5\u306b\u57fa\u3065\u304f\u8868\u8a18\u3011 \u00b7\u8ca9\u58f2\u4e8b\u696d\u8005\u682a\u5f0f\u4f1a\u793eMIRAI VISION \u904b\u55b6\u7d71\u62ec\u8cac\u4efb\u8005\uff1a\u82b1\u857e \u6240\u5728\u5730\uff1a\u6771\u4eac [&hellip;]<\/p>","protected":false},"author":1,"featured_media":0,"parent":2209,"menu_order":0,"comment_status":"closed","ping_status":"closed","template":"page-templates\/full-width-page.php","meta":{"footnotes":""},"class_list":["post-5775","page","type-page","status-publish","hentry"],"_links":{"self":[{"href":"https:\/\/mirai-vision.jp\/vi\/wp-json\/wp\/v2\/pages\/5775","targetHints":{"allow":["GET"]}}],"collection":[{"href":"https:\/\/mirai-vision.jp\/vi\/wp-json\/wp\/v2\/pages"}],"about":[{"href":"https:\/\/mirai-vision.jp\/vi\/wp-json\/wp\/v2\/types\/page"}],"author":[{"embeddable":true,"href":"https:\/\/mirai-vision.jp\/vi\/wp-json\/wp\/v2\/users\/1"}],"replies":[{"embeddable":true,"href":"https:\/\/mirai-vision.jp\/vi\/wp-json\/wp\/v2\/comments?post=5775"}],"version-history":[{"count":0,"href":"https:\/\/mirai-vision.jp\/vi\/wp-json\/wp\/v2\/pages\/5775\/revisions"}],"up":[{"embeddable":true,"href":"https:\/\/mirai-vision.jp\/vi\/wp-json\/wp\/v2\/pages\/2209"}],"wp:attachment":[{"href":"https:\/\/mirai-vision.jp\/vi\/wp-json\/wp\/v2\/media?parent=5775"}],"curies":[{"name":"wp","href":"https:\/\/api.w.org\/{rel}","templated":true}]}}